{"id":6,"date":"2021-05-28T14:07:02","date_gmt":"2021-05-28T12:07:02","guid":{"rendered":"https:\/\/kilic.easycloud2go.de\/?page_id=6"},"modified":"2021-06-26T22:47:47","modified_gmt":"2021-06-26T20:47:47","slug":"hk-dienstleistungen-eu-hallendienstleister-dienstleister-be-und-entladung-transporte-logistik-pakete","status":"publish","type":"page","link":"https:\/\/hk-dienstleistungen.eu\/","title":{"rendered":"Startseite"},"content":{"rendered":"\n<h1 class=\"has-text-align-center has-accent-color has-text-color wp-block-heading\">IHR HALLENDIENSTLEISTER<\/h1>\n\n\n\n<p class=\"has-black-color has-text-color\"><strong>\u00dcber HK Dienstleistungen GmbH<\/strong><br><br>Wir sind als Hallendienstleister im KEP-Bereich t\u00e4tig. <br>Unsere Dienstleistungen bieten wir an den Standorten <span class=\"has-inline-color has-accent-color\">Hagen, Hamm und Wuppertal<\/span> an. <br><br>Unser Schwerpunkt liegt dabei bei der Be- und Entladung von Containern und Auslieferungsfahrzeugen.<\/p>\n\n\n\n<div style=\"height:43px\" aria-hidden=\"true\" class=\"wp-block-spacer\"><\/div>\n\n\n\n<div class=\"wp-block-columns alignfull has-header-gradient-background-color has-background is-layout-flex wp-container-core-columns-is-layout-9d6595d7 wp-block-columns-is-layout-flex\">\n<div class=\"wp-block-column is-layout-flow wp-block-column-is-layout-flow\"><\/div>\n<\/div>\n\n\n\n<p class=\"has-black-color has-text-color\" style=\"font-size:17px\">Folgenden Service bieten wir unseren Kunden dar\u00fcber hinaus an:<\/p>\n\n\n\n<ul id=\"block-a9a70711-ed47-4a9f-a11e-949d3432e842\" class=\"has-black-color has-text-color wp-block-list\" style=\"font-size:17px\"><li><strong>Transporte<\/strong><\/li><li><strong>Kurierfahrten<\/strong><\/li><li><strong>Logistik<\/strong><\/li><\/ul>\n\n\n\n<p class=\"has-black-color has-text-color\">Unsere Kunden k\u00f6nnen von uns Sorgfalt, Zuverl\u00e4ssigkeit und Ehrlichkeit erwarten. <br>Qualit\u00e4t hat oberste Priorit\u00e4t bei uns. <\/p>\n\n\n\n<div style=\"height:43px\" aria-hidden=\"true\" class=\"wp-block-spacer\"><\/div>\n\n\n\n<div class=\"wp-block-columns alignfull has-header-gradient-background-color has-background is-layout-flex wp-container-core-columns-is-layout-9d6595d7 wp-block-columns-is-layout-flex\">\n<div class=\"wp-block-column is-layout-flow wp-block-column-is-layout-flow\"><\/div>\n<\/div>\n\n\n\n<p class=\"has-black-color has-text-color\">Wir bieten unseren Kunden ma\u00dfgeschneiderte L\u00f6sungen f\u00fcr spezielle Anforderungen zu fairen Preisen an. <br>Hierbei k\u00f6nnen wir flexibel auf \u00c4nderungen reagieren. Der Kunde kann sich voll auf uns verlassen. <\/p>\n\n\n\n<div style=\"height:43px\" aria-hidden=\"true\" class=\"wp-block-spacer\"><\/div>\n\n\n\n<div class=\"wp-block-columns alignfull has-header-gradient-background-color has-background is-layout-flex wp-container-core-columns-is-layout-9d6595d7 wp-block-columns-is-layout-flex\">\n<div class=\"wp-block-column is-layout-flow wp-block-column-is-layout-flow\"><\/div>\n<\/div>\n\n\n\n<p class=\"has-text-align-left has-black-color has-text-color\">Die HK Dienstleistungen GmbH wurde 2010 in Hemer gegr\u00fcndet. Seither bieten wir Dienstleistungen: <\/p>\n\n\n\n<ul id=\"block-be888da3-e298-46de-96e6-513089cfeb52\" class=\"has-black-color has-text-color wp-block-list\" style=\"font-size:17px\"><li><strong>Im KEP Bereich<\/strong><\/li><li><strong>Dienstleistungen von Transporten<\/strong><\/li><li><strong>Be- und Entladung von Containern und Auslieferungsfahrzeugen<\/strong><\/li><li><strong>bis hin zu Hallendienstleistungen <br>(wie z. B. Scannen und Sortierung von Paketen)<\/strong><\/li><\/ul>\n\n\n\n<div style=\"height:43px\" aria-hidden=\"true\" class=\"wp-block-spacer\"><\/div>\n\n\n\n<p><\/p>\n","protected":false},"excerpt":{"rendered":"<p>IHR HALLENDIENSTLEISTER \u00dcber HK Dienstleistungen GmbH Wir sind als Hallendienstleister im KEP-Bereich t\u00e4tig. Unsere Dienstleistungen bieten wir an den Standorten Hagen, Hamm und Wuppertal an. Unser Schwerpunkt liegt dabei bei der Be- und Entladung von Containern und Auslieferungsfahrzeugen. Folgenden Service bieten wir unseren Kunden dar\u00fcber hinaus an: Transporte Kurierfahrten Logistik [&hellip;]<\/p>\n","protected":false},"author":2,"featured_media":0,"parent":0,"menu_order":0,"comment_status":"closed","ping_status":"closed","template":"","meta":{"footnotes":""},"class_list":["post-6","page","type-page","status-publish","hentry"],"yoast_head":"<!-- This site is optimized with the Yoast SEO plugin v16.5 - https:\/\/yoast.com\/wordpress\/plugins\/seo\/ -->\n<title>HK Dienstleistungen Hemer - Hallendienstleistungen Transporte Logistik<\/title>\n<meta name=\"description\" content=\"Wir sind als Dienstleister im KEP-Bereich t\u00e4tig - schwerpunktm\u00e4\u00dfig Be- und Entladung von Containern und Auslieferungsfahrzeugen.\" \/>\n<meta name=\"robots\" content=\"index, follow, max-snippet:-1, max-image-preview:large, max-video-preview:-1\" \/>\n<link rel=\"canonical\" href=\"https:\/\/hk-dienstleistungen.eu\/\" \/>\n<meta property=\"og:locale\" content=\"de_DE\" \/>\n<meta property=\"og:type\" content=\"article\" \/>\n<meta property=\"og:title\" content=\"HK Dienstleistungen Hemer - Hallendienstleistungen Transporte Logistik\" \/>\n<meta property=\"og:description\" content=\"Wir sind als Dienstleister im KEP-Bereich t\u00e4tig - schwerpunktm\u00e4\u00dfig Be- und Entladung von Containern und Auslieferungsfahrzeugen.\" \/>\n<meta property=\"og:url\" content=\"https:\/\/hk-dienstleistungen.eu\/\" \/>\n<meta property=\"og:site_name\" content=\"HK Dienstleistungen GmbH\" \/>\n<meta property=\"article:modified_time\" content=\"2021-06-26T20:47:47+00:00\" \/>\n<meta name=\"twitter:card\" content=\"summary_large_image\" \/>\n<meta name=\"twitter:label1\" content=\"Gesch\u00e4tzte Lesezeit\" \/>\n\t<meta name=\"twitter:data1\" content=\"1\u00a0Minute\" \/>\n<script type=\"application\/ld+json\" class=\"yoast-schema-graph\">{\"@context\":\"https:\/\/schema.org\",\"@graph\":[{\"@type\":\"WebSite\",\"@id\":\"https:\/\/hk-dienstleistungen.eu\/#website\",\"url\":\"https:\/\/hk-dienstleistungen.eu\/\",\"name\":\"HK Dienstleistungen GmbH\",\"description\":\"Hemer Transporte Logistik Pakete\",\"potentialAction\":[{\"@type\":\"SearchAction\",\"target\":\"https:\/\/hk-dienstleistungen.eu\/?s={search_term_string}\",\"query-input\":\"required name=search_term_string\"}],\"inLanguage\":\"de\"},{\"@type\":\"WebPage\",\"@id\":\"https:\/\/hk-dienstleistungen.eu\/#webpage\",\"url\":\"https:\/\/hk-dienstleistungen.eu\/\",\"name\":\"HK Dienstleistungen Hemer - Hallendienstleistungen Transporte Logistik\",\"isPartOf\":{\"@id\":\"https:\/\/hk-dienstleistungen.eu\/#website\"},\"datePublished\":\"2021-05-28T12:07:02+00:00\",\"dateModified\":\"2021-06-26T20:47:47+00:00\",\"description\":\"Wir sind als Dienstleister im KEP-Bereich t\\u00e4tig - schwerpunktm\\u00e4\\u00dfig Be- und Entladung von Containern und Auslieferungsfahrzeugen.\",\"breadcrumb\":{\"@id\":\"https:\/\/hk-dienstleistungen.eu\/#breadcrumb\"},\"inLanguage\":\"de\",\"potentialAction\":[{\"@type\":\"ReadAction\",\"target\":[\"https:\/\/hk-dienstleistungen.eu\/\"]}]},{\"@type\":\"BreadcrumbList\",\"@id\":\"https:\/\/hk-dienstleistungen.eu\/#breadcrumb\",\"itemListElement\":[{\"@type\":\"ListItem\",\"position\":1,\"name\":\"Startseite\",\"item\":\"https:\/\/hk-dienstleistungen.eu\/\"},{\"@type\":\"ListItem\",\"position\":2,\"name\":\"Startseite\"}]}]}<\/script>\n<!-- \/ Yoast SEO plugin. -->","_links":{"self":[{"href":"https:\/\/hk-dienstleistungen.eu\/index.php\/wp-json\/wp\/v2\/pages\/6","targetHints":{"allow":["GET"]}}],"collection":[{"href":"https:\/\/hk-dienstleistungen.eu\/index.php\/wp-json\/wp\/v2\/pages"}],"about":[{"href":"https:\/\/hk-dienstleistungen.eu\/index.php\/wp-json\/wp\/v2\/types\/page"}],"author":[{"embeddable":true,"href":"https:\/\/hk-dienstleistungen.eu\/index.php\/wp-json\/wp\/v2\/users\/2"}],"replies":[{"embeddable":true,"href":"https:\/\/hk-dienstleistungen.eu\/index.php\/wp-json\/wp\/v2\/comments?post=6"}],"version-history":[{"count":67,"href":"https:\/\/hk-dienstleistungen.eu\/index.php\/wp-json\/wp\/v2\/pages\/6\/revisions"}],"predecessor-version":[{"id":289,"href":"https:\/\/hk-dienstleistungen.eu\/index.php\/wp-json\/wp\/v2\/pages\/6\/revisions\/289"}],"wp:attachment":[{"href":"https:\/\/hk-dienstleistungen.eu\/index.php\/wp-json\/wp\/v2\/media?parent=6"}],"curies":[{"name":"wp","href":"https:\/\/api.w.org\/{rel}","templated":true}]}}